{"id":81,"date":"2016-07-15T00:35:56","date_gmt":"2016-07-14T22:35:56","guid":{"rendered":"http:\/\/honeine.fr\/wp\/?page_id=81"},"modified":"2020-12-19T17:09:10","modified_gmt":"2020-12-19T16:09:10","slug":"about","status":"publish","type":"page","link":"https:\/\/honeine.fr\/wp\/","title":{"rendered":"About"},"content":{"rendered":"\n<div class=\"wp-block-columns is-layout-flex wp-container-core-columns-is-layout-9d6595d7 wp-block-columns-is-layout-flex\">\n<div class=\"wp-block-column is-layout-flow wp-block-column-is-layout-flow\">\n<p class=\"has-medium-font-size\"><strong>Professeur des Universit\u00e9s<\/strong><\/p>\n\n\n\n<p class=\"has-normal-font-size\"><a rel=\"noreferrer noopener\" href=\"https:\/\/www.univ-rouen.fr\/\" target=\"_blank\"><strong>Universit\u00e9 de Rouen Normandie<\/strong><\/a><br><a rel=\"noreferrer noopener\" href=\"http:\/\/www.litislab.eu\/\" target=\"_blank\"><strong>Laboratoire LITIS <\/strong><\/a><a href=\"http:\/\/www.litislab.eu\/\">(NormaSTIC, FR CNRS 3638)<\/a><br><sub>Avenue de l&#8217;Universit\u00e9, 76800 Saint Etienne du Rouvray, France<\/sub><br><sub>Bureau : U2.1.43<br><\/sub><a rel=\"noreferrer noopener\" href=\"mailto:paul.honeine%3F@%3Funiv-rouen.fr\" target=\"_blank\"><sub>paul.honeine \u00c0t univ-rouen.fr<\/sub><\/a><\/p>\n<\/div>\n\n\n\n<div class=\"wp-block-column is-layout-flow wp-block-column-is-layout-flow\">\n<div class=\"wp-block-image is-style-circle-mask\"><figure class=\"aligncenter size-medium is-resized\"><img loading=\"lazy\" decoding=\"async\" src=\"https:\/\/honeine.fr\/wp\/wp-content\/uploads\/2016\/07\/LebanonCedar-300x240.jpg\" alt=\"\" class=\"wp-image-8\" width=\"272\" height=\"217\" srcset=\"https:\/\/honeine.fr\/wp\/wp-content\/uploads\/2016\/07\/LebanonCedar-300x240.jpg 300w, https:\/\/honeine.fr\/wp\/wp-content\/uploads\/2016\/07\/LebanonCedar-768x614.jpg 768w, https:\/\/honeine.fr\/wp\/wp-content\/uploads\/2016\/07\/LebanonCedar-1024x819.jpg 1024w, https:\/\/honeine.fr\/wp\/wp-content\/uploads\/2016\/07\/LebanonCedar-1200x960.jpg 1200w, https:\/\/honeine.fr\/wp\/wp-content\/uploads\/2016\/07\/LebanonCedar.jpg 1280w\" sizes=\"auto, (max-width: 272px) 100vw, 272px\" \/><\/figure><\/div>\n\n\n\n<p><\/p>\n<\/div>\n<\/div>\n\n\n\n<div class=\"wp-block-columns is-layout-flex wp-container-core-columns-is-layout-9d6595d7 wp-block-columns-is-layout-flex\">\n<div class=\"wp-block-column is-layout-flow wp-block-column-is-layout-flow\">\n<p><\/p>\n<p>Paul Honeine was born in Beirut, Lebanon, in 1977. He received the Dipl.-Ing. degree in mechanical engineering in 2002 and the M.Sc. degree in industrial control in 2003, both from the Faculty of Engineering, the Lebanese University, Lebanon. In 2007, he received the Ph.D. degree in Systems Optimization and Security from the University of Technology of Troyes, France, and was a Postdoctoral Research associate with the Systems Modeling and Dependability Laboratory, from 2007 to 2008. From September 2008 till August 2015, he was an assistant Professor at the University of Technology of Troyes, France. Since September 2015, he is full professor at the University of Rouen, with the LITIS lab, France.<\/p>\n<p>Paul Honeine has been enjoying to work on problems in <strong>Machine Learning for signal, image and graph data<\/strong>.<\/p>\n<\/div>\n\n\n\n<div class=\"wp-block-column is-layout-flow wp-block-column-is-layout-flow\">\n<p><a class=\"twitter-timeline\" href=\"https:\/\/twitter.com\/PaulHoneine?ref_src=twsrc%5Etfw\" data-height=\"750\">Tweets by PaulHoneine<\/a> <script async=\"\" src=\"https:\/\/platform.twitter.com\/widgets.js\" charset=\"utf-8\"><\/script><\/p>\n<\/div>\n<\/div>\n\n\n\n<p><\/p>\n","protected":false},"excerpt":{"rendered":"<p>Professeur des Universit\u00e9s Universit\u00e9 de Rouen NormandieLaboratoire LITIS (NormaSTIC, FR CNRS 3638)Avenue de l&#8217;Universit\u00e9, 76800 Saint Etienne du Rouvray, FranceBureau : U2.1.43paul.honeine \u00c0t univ-rouen.fr Paul Honeine was born in Beirut, Lebanon, in 1977. He received the Dipl.-Ing. degree in mechanical engineering in 2002 and the M.Sc. degree in industrial control in 2003, both from the [&hellip;]<\/p>\n","protected":false},"author":1,"featured_media":0,"parent":0,"menu_order":0,"comment_status":"closed","ping_status":"closed","template":"","meta":{"footnotes":""},"class_list":["post-81","page","type-page","status-publish","hentry"],"_links":{"self":[{"href":"https:\/\/honeine.fr\/wp\/wp-json\/wp\/v2\/pages\/81","targetHints":{"allow":["GET"]}}],"collection":[{"href":"https:\/\/honeine.fr\/wp\/wp-json\/wp\/v2\/pages"}],"about":[{"href":"https:\/\/honeine.fr\/wp\/wp-json\/wp\/v2\/types\/page"}],"author":[{"embeddable":true,"href":"https:\/\/honeine.fr\/wp\/wp-json\/wp\/v2\/users\/1"}],"replies":[{"embeddable":true,"href":"https:\/\/honeine.fr\/wp\/wp-json\/wp\/v2\/comments?post=81"}],"version-history":[{"count":35,"href":"https:\/\/honeine.fr\/wp\/wp-json\/wp\/v2\/pages\/81\/revisions"}],"predecessor-version":[{"id":860,"href":"https:\/\/honeine.fr\/wp\/wp-json\/wp\/v2\/pages\/81\/revisions\/860"}],"wp:attachment":[{"href":"https:\/\/honeine.fr\/wp\/wp-json\/wp\/v2\/media?parent=81"}],"curies":[{"name":"wp","href":"https:\/\/api.w.org\/{rel}","templated":true}]}}